{"id":4052,"date":"2022-01-24T12:50:47","date_gmt":"2022-01-24T12:50:47","guid":{"rendered":"https:\/\/mcvsa.com\/politica-de-privacidad\/"},"modified":"2023-06-07T16:12:02","modified_gmt":"2023-06-07T14:12:02","slug":"politica-de-privacidad","status":"publish","type":"page","link":"https:\/\/mcvsa.com\/es\/politica-de-privacidad\/","title":{"rendered":"Pol\u00edtica de privacidad"},"content":{"rendered":"\t\t<div data-elementor-type=\"wp-page\" data-elementor-id=\"4052\" class=\"elementor elementor-4052 elementor-2668\" data-elementor-post-type=\"page\">\n\t\t\t\t\t\t<section class=\"elementor-section elementor-top-section elementor-element elementor-element-a8f2a39 elementor-section-boxed elementor-section-height-default elementor-section-height-default\" data-id=\"a8f2a39\" data-element_type=\"section\" data-e-type=\"section\">\n\t\t\t\t\t\t<div class=\"elementor-container elementor-column-gap-default\">\n\t\t\t\t\t<div class=\"elementor-column elementor-col-100 elementor-top-column elementor-element elementor-element-9981983\" data-id=\"9981983\" data-element_type=\"column\" data-e-type=\"column\">\n\t\t\t<div class=\"elementor-widget-wrap elementor-element-populated\">\n\t\t\t\t\t\t<div class=\"elementor-element elementor-element-35f974e elementor-widget elementor-widget-heading\" data-id=\"35f974e\" data-element_type=\"widget\" data-e-type=\"widget\" data-widget_type=\"heading.default\">\n\t\t\t\t<div class=\"elementor-widget-container\">\n\t\t\t\t\t<h1 class=\"elementor-heading-title elementor-size-default\">Pol\u00edtica de privacidad<\/h1>\t\t\t\t<\/div>\n\t\t\t\t<\/div>\n\t\t\t\t<div class=\"elementor-element elementor-element-bcb1c9b elementor-widget elementor-widget-text-editor\" data-id=\"bcb1c9b\" data-element_type=\"widget\" data-e-type=\"widget\" data-widget_type=\"text-editor.default\">\n\t\t\t\t<div class=\"elementor-widget-container\">\n\t\t\t\t\t\t\t\t\t<p>En MCV, S.A. trabajamos para garantizar la privacidad en el tratamiento de sus datos personales. Hemos actualizado nuestra Pol\u00edtica de Privacidad para informar claramente de c\u00f3mo recabamos, utilizamos y custodiamos los datos de las personas que contactan con nuestra empresa:&nbsp;<\/p>\n<ul>\n<li>Responsable del tratamiento<\/li>\n<li>Finalidades del tratamiento de datos<\/li>\n<li>Periodo de conservaci\u00f3n de datos<\/li>\n<li>Legitimaci\u00f3n para el tratamiento de datos<\/li>\n<li>Comunicaci\u00f3n de datos Transferencias internacionales de datos<\/li>\n<li>Sus derechos<\/li>\n<li>Obtenci\u00f3n de sus datos&nbsp;<\/li>\n<\/ul>\n<p><strong>\u00bfQui\u00e9n es el responsable del tratamiento de sus datos?<br><\/strong><br><strong>Raz\u00f3n social<\/strong>: MCV, S.A.<br><strong>Nombre comercial<\/strong>: MCV<br><strong>NIF<\/strong>: &nbsp;&nbsp; A-08795544<br><strong>Direcci\u00f3n postal<\/strong>:&nbsp; AUTOVIA A-2 KM.575 \u2013 CAM\u00cd DE CAN DOLCET \u2013 08293 COLLBAT\u00d3 (Barcelona)<br><strong>Tel\u00e9fono<\/strong>: +34 93 777 05 50<br><strong>Correo electr\u00f3nico<\/strong>: mcv@mcvsa.com<\/p>\n<p><strong><br>\u00bfCon que finalidad tratamos sus datos personales?<\/strong><\/p>\n<p>En MCV, S.A. el tratamiento de se realiza con las siguientes finalidades, en funci\u00f3n del motivo por el que nos los haya facilitado:&nbsp;<\/p>\n<ul>\n<li>1. Gestionar datos facilitados directamente por el propio interesado, tanto a nivel particular como profesional, para informarle de nuestros productos y servicios, dar respuesta a su solicitud, petici\u00f3n o consulta y hacer un seguimiento posterior.&nbsp;<\/li>\n<li>2. Gestionar, los datos proporcionados por el cliente en el momento de contratar nuestros servicios, a nivel organizativo, contable, fiscal y administrativo, as\u00ed como para informarle sobre servicios, eventos y noticias relacionadas con nuestra actividad profesional que puedan ser de su inter\u00e9s.&nbsp;<\/li>\n<li>3. Gestionar los datos particulares o profesionales del USUARIO por su participaci\u00f3n en los diferentes eventos y actividades que organizamos y nos hayan autorizado para informarle sobre otras actividades o eventos que podamos organizar y&nbsp; que puedan ser de su inter\u00e9s.&nbsp;<\/li>\n<li>4. Realizar, en su caso, el perfil de USUARIO para ofrecerle nuestros productos y servicios.<\/li>\n<\/ul>\n<p><strong>\u00bfPor cu\u00e1nto tiempo conservaremos sus datos?<\/strong><\/p>\n<ul>\n<li>Los datos para la gesti\u00f3n de la&nbsp;<strong>relaci\u00f3n con el cliente y la facturaci\u00f3n y cobro de los servicios<\/strong>&nbsp;ser\u00e1n conservados durante todo el tiempo en que el contrato est\u00e9 vigente. Una vez finalizada dicha relaci\u00f3n, en su caso, los datos podr\u00e1n ser conservados durante el tiempo exigido por la legislaci\u00f3n aplicable y hasta que prescriban las eventuales responsabilidades derivadas del contrato.&nbsp;<\/li>\n<li>Los datos relativos a&nbsp;<strong>publicaciones de comentarios<\/strong>&nbsp;sobre nuestros productos se mantendr\u00e1n durante la vigencia y publicidad de los productos o servicios a los que hacen referencia, salvo que se exprese su deseo de que sean eliminados en cualquier momento.&nbsp;<\/li>\n<li>Los datos para la&nbsp;<strong>participaci\u00f3n en eventos y actividades se<\/strong>&nbsp;conservar\u00e1n durante el tiempo necesario para las finalidades descritas, salvo que se haya opuesto al tratamiento de los mismos o los haya cancelado previamente.&nbsp;<\/li>\n<li>Los datos para el env\u00edo de&nbsp;<strong>comunicaciones comerciales y elaboraci\u00f3n de perfiles comerciales<\/strong>&nbsp;de nuestros productos o servicios ser\u00e1n conservados indefinidamente hasta que, en su caso, nos manifiesten su voluntad de suprimirlos.<\/li>\n<\/ul>\n<p><strong>&nbsp;\u00bfCu\u00e1l es la legitimaci\u00f3n para el tratamiento de sus datos?<\/strong><\/p>\n<ul>\n<li>La base legal para el tratamiento de sus datos de las finalidades 1 a 3 es la&nbsp;<u>ejecuci\u00f3n contractual de la prestaci\u00f3n del servicio<\/u>&nbsp;correspondiente.&nbsp;<\/li>\n<li>La oferta prospectiva de productos y servicios a clientes tiene como base la satisfacci\u00f3n del inter\u00e9s leg\u00edtimo empresarial consistente en poder ofrecer a nuestros clientes la contrataci\u00f3n de otros productos o servicios y conseguir as\u00ed su fidelizaci\u00f3n. Dicho&nbsp;<u>inter\u00e9s leg\u00edtimo<\/u>&nbsp;se reconoce por la normativa legal aplicable (Reglamento General de Protecci\u00f3n de Datos), que permite expresamente el tratamiento de datos personales sobre esa base legal con fines de mercadotecnia directa.<\/li>\n<\/ul>\n<p>No obstante, le recordamos que tiene derecho a oponerse a este tratamiento de sus datos, pudiendo hacerlo por cualquiera de los medios descritos en esta Pol\u00edtica.<\/p>\n<ul>\n<li>La base del env\u00edo de comunicaciones comerciales a usuarios no clientes es el&nbsp;<u>consentimiento<\/u>&nbsp;del interesado que se ha solicitado, pudiendo ser revocado en cualquier momento. La retirada de dicho consentimiento no afectar\u00e1 en ning\u00fan caso a la ejecuci\u00f3n del contrato, pero los tratamientos de datos con ese fin efectuados con anterioridad no perder\u00e1n su licitud por el hecho de que el consentimiento se haya revocado.&nbsp;<\/li>\n<\/ul>\n<p><strong>\u00bfA qu\u00e9 destinatarios se comunicar\u00e1n sus datos?<\/strong><\/p>\n<p>No se ceder\u00e1n datos a terceros salvo a:&nbsp;<\/p>\n<ul>\n<li>A las&nbsp;<strong>entidades financieras<\/strong>&nbsp;a trav\u00e9s de las que se articule la gesti\u00f3n de cobros y pagos.<\/li>\n<li>A las&nbsp;<strong>Administraciones p\u00fablicas<\/strong>&nbsp;competentes, en los casos previstos en la Ley y para los fines en ella definidos.&nbsp;<\/li>\n<\/ul>\n<p><strong>\u00bfTransferencias de datos a terceros pa\u00edses?<\/strong><\/p>\n<p>No se realizan transferencias internacionales de datos.&nbsp;<\/p>\n<p><strong>\u00bfCu\u00e1les son sus derechos cuando nos facilita sus datos?<\/strong><\/p>\n<ul>\n<li>Cualquier persona tiene derecho a obtener confirmaci\u00f3n sobre si en MCV, S.A.&nbsp; estamos tratando datos personales que les conciernan, o no.&nbsp;<\/li>\n<li>Las personas interesadas tienen derecho a acceder a sus datos personales, as\u00ed como a solicitar la rectificaci\u00f3n de los datos inexactos o, si es el caso, solicitar su supresi\u00f3n cuando, entre otros motivos, los datos ya no sean necesarios para los fines para los que fueron recogidos.&nbsp;<\/li>\n<li>En determinadas circunstancias, los interesados podr\u00e1n solicitar la limitaci\u00f3n del tratamiento de sus datos o su portabilidad, en este caso \u00fanicamente los conservaremos para el ejercicio o la defensa de reclamaciones.&nbsp;<\/li>\n<li>En determinadas circunstancias y por motivos relacionados con su situaci\u00f3n particular, los interesados podr\u00e1n oponerse al tratamiento de sus datos. En este caso, MCV, S.A.&nbsp; dejar\u00e1 de tratar los datos, excepto por motivos leg\u00edtimos imperiosos, o el ejercicio o la defensa de posibles reclamaciones.<\/li>\n<\/ul>\n<p>Usted podr\u00e1 ejercer materialmente sus derechos de la siguiente manera:&nbsp;<\/p>\n<ol>\n<li>Por correo electr\u00f3nico adjuntando copia de su DNI a:&nbsp;<a>mcv@mcvsa.com<\/a>.<\/li>\n<li>Por correo postal:&nbsp;<em>Autovia A-2 Km.575 \u2013 Cam\u00ed de Can Dolcet \u2013 08293 Collbat\u00f3 (Barcelona)<\/em>&nbsp;adjuntando fotocopia de su DNI.<\/li>\n<li>En la direcci\u00f3n de correo electr\u00f3nico y correo postal indicada, le proporcionaremos los formularios correspondientes para ejercitar materialmente estos derechos.<\/li>\n<\/ol>\n<ul>\n<li>Si ha otorgado su consentimiento para alguna finalidad concreta, tiene derecho a retirar el consentimiento otorgado en cualquier momento, sin que esto afecte la licitud del tratamiento basado en su consentimiento previo a su retirada.&nbsp;<\/li>\n<li>En caso de que considere vulnerados sus derechos por que se refiere a la protecci\u00f3n de sus datos personales, especialmente cuando no haya obtenido satisfacci\u00f3n en el ejercicio de sus derechos, puede presentar una reclamaci\u00f3n ante la Autoridad de Control en materia de protecci\u00f3n de datos competente a trav\u00e9s de su lugar web:&nbsp;<a href=\"http:\/\/www.agpd.es\/\" target=\"_blank\" rel=\"noopener noreferrer nofollow\">www.agpd.es<\/a>.&nbsp;<\/li>\n<\/ul>\n<p><strong>&nbsp;\u00bfComo hemos obtenido sus datos?<\/strong><\/p>\n<ul>\n<li>Los datos personales que tratamos en MCV, S.A.&nbsp; proceden de los propios interesados o su Representante legal.&nbsp;<\/li>\n<li>Le recordamos que no deben facilitar datos de terceros salvo que se tenga autorizaci\u00f3n de \u00e9stos y se les haya informado previamente.&nbsp;<\/li>\n<li>No se tratan categor\u00edas especiales de datos personales (son aquellos datos que revelan el origen \u00e9tnico o racial, las opiniones pol\u00edticas, las convicciones religiosas o filos\u00f3ficas, o la afiliaci\u00f3n sindical, datos gen\u00e9ticos, datos biom\u00e9tricos dirigidos a identificar de manera un\u00edvoca a una persona f\u00edsica, datos relativos a la salud o datos relativos a la vida sexual o cual es la orientaci\u00f3n sexual de una persona f\u00edsica).<\/li>\n<\/ul>\t\t\t\t\t\t\t\t<\/div>\n\t\t\t\t<\/div>\n\t\t\t\t\t<\/div>\n\t\t<\/div>\n\t\t\t\t\t<\/div>\n\t\t<\/section>\n\t\t\t\t<\/div>\n\t\t","protected":false},"excerpt":{"rendered":"<p>En MCV, S.A. trabajamos para garantizar la privacidad en el tratamiento de sus datos personales. Hemos actualizado nuestra Pol\u00edtica de Privacidad para informar claramente de c\u00f3mo recabamos, utilizamos y custodiamos los datos de las personas que contactan con nuestra empresa:&nbsp; Responsable del tratamiento Finalidades del tratamiento de datos Periodo de conservaci\u00f3n de datos Legitimaci\u00f3n para [&hellip;]<\/p>\n","protected":false},"author":1,"featured_media":0,"parent":0,"menu_order":15,"comment_status":"closed","ping_status":"closed","template":"","meta":{"_acf_changed":false,"footnotes":""},"class_list":["post-4052","page","type-page","status-publish","hentry"],"acf":[],"_links":{"self":[{"href":"https:\/\/mcvsa.com\/es\/wp-json\/wp\/v2\/pages\/4052","targetHints":{"allow":["GET"]}}],"collection":[{"href":"https:\/\/mcvsa.com\/es\/wp-json\/wp\/v2\/pages"}],"about":[{"href":"https:\/\/mcvsa.com\/es\/wp-json\/wp\/v2\/types\/page"}],"author":[{"embeddable":true,"href":"https:\/\/mcvsa.com\/es\/wp-json\/wp\/v2\/users\/1"}],"replies":[{"embeddable":true,"href":"https:\/\/mcvsa.com\/es\/wp-json\/wp\/v2\/comments?post=4052"}],"version-history":[{"count":0,"href":"https:\/\/mcvsa.com\/es\/wp-json\/wp\/v2\/pages\/4052\/revisions"}],"wp:attachment":[{"href":"https:\/\/mcvsa.com\/es\/wp-json\/wp\/v2\/media?parent=4052"}],"curies":[{"name":"wp","href":"https:\/\/api.w.org\/{rel}","templated":true}]}}